{"id":1452,"date":"2022-09-08T17:45:23","date_gmt":"2022-09-08T17:45:59","guid":{"rendered":"https:\/\/goiascooperativo.nucleo.site\/sistemaocbgo-2\/"},"modified":"2022-09-08T17:45:23","modified_gmt":"2022-09-08T17:45:59","slug":"razaodeser","status":"publish","type":"page","link":"https:\/\/www.goiascooperativo.coop.br\/sescoopgo\/razaodeser\/","title":{"rendered":"Raz\u00e3o de Ser"},"content":{"rendered":"\n<div class=\"wp-block-columns mapa-estrategico is-layout-flex wp-container-core-columns-is-layout-9d6595d7 wp-block-columns-is-layout-flex\">\n<div class=\"wp-block-column is-layout-flow wp-block-column-is-layout-flow\" style=\"flex-basis:65%\">\n<div class=\"wp-block-group has-white-background-color has-background\"><div class=\"wp-block-group__inner-container is-layout-flow wp-block-group-is-layout-flow\">\n<p><em>&#8220;N\u00e3o h\u00e1 empresa sem objetivos. As organiza\u00e7\u00f5es administrativas, constituem-se de &#8220;sistemas de comportamentos cooperativos, onde se espera que os seus membros orientem seu comportamento de acordo com certos fins que s\u00e3o considerados como objetivos da organiza\u00e7\u00e3o&#8221;. Na realidade, o que ocorre \u00e9 que muitas empresas deixam de externar formalmente seus objetivos, embora isto n\u00e3o signifique que n\u00e3o os tenha. Portanto, uma coisa \u00e9 ter objetivos, como condi\u00e7\u00e3o de sobreviv\u00eancia, uma outra \u00e9 express\u00e1-los.&#8221;<\/em><\/p>\n<\/div><\/div>\n<\/div>\n\n\n\n<div class=\"wp-block-column is-layout-flow wp-block-column-is-layout-flow\" style=\"flex-basis:35%\">\n<div class=\"wp-block-group has-emerald-background-color has-background\"><div class=\"wp-block-group__inner-container is-layout-flow wp-block-group-is-layout-flow\">\n<h2 class=\"has-white-color has-text-color wp-block-heading\">Conhe\u00e7a nosso Book de Valores e entenda a nossa Raz\u00e3o de Ser.<\/h2>\n<\/div><\/div>\n<\/div>\n<\/div>\n\n\n\n<div class=\"wp-block-group content-center\"><div class=\"wp-block-group__inner-container is-layout-flow wp-block-group-is-layout-flow\">\n<figure class=\"wp-block-image size-large\"><img decoding=\"async\" src=\"https:\/\/www.goiascooperativo.coop.br\/wp-content\/uploads\/2022\/09\/mockup-capa-6123911-1024x724.png\" alt=\"\" class=\"wp-image-1454\" \/><\/figure>\n<\/div><\/div>\n\n\n<div class=\"justify-center has-icon template-part-component-button\">\n            <a href=\"https:\/\/www.goiascooperativo.coop.br\/wp-content\/uploads\/2022\/09\/Book_Razao-de-Ser.pdf\"  target=\"_blank\">\n            <div class=\"nwe-icon icon-arrow-down\"><\/div>DOWNLOAD        <\/a>\n    <\/div>\n\n\n\n<div style=\"height:24px\" aria-hidden=\"true\" class=\"wp-block-spacer\"><\/div>\n\n\n\n<div class=\"wp-block-columns is-layout-flex wp-container-core-columns-is-layout-9d6595d7 wp-block-columns-is-layout-flex\">\n<div class=\"wp-block-column is-layout-flow wp-block-column-is-layout-flow\">\n<div class=\"wp-block-group card has-white-background-color has-background\"><div class=\"wp-block-group__inner-container is-layout-flow wp-block-group-is-layout-flow\">\n<h3 class=\"has-primaria-color has-text-color wp-block-heading\">MISS\u00c3O<\/h3>\n\n\n\n<p>Promover a cultura cooperativista e o aperfei\u00e7oamento da gest\u00e3o para o desenvolvimento das cooperativas brasileiras.&nbsp;<\/p>\n<\/div><\/div>\n<\/div>\n\n\n\n<div class=\"wp-block-column is-layout-flow wp-block-column-is-layout-flow\">\n<div class=\"wp-block-group card has-white-background-color has-background\"><div class=\"wp-block-group__inner-container is-layout-flow wp-block-group-is-layout-flow\">\n<h3 class=\"has-primaria-color has-text-color wp-block-heading\">VIS\u00c3O<\/h3>\n\n\n\n<p>Em 2025, o cooperativismo ser\u00e1 reconhecido pela sociedade por sua competitividade, integridade e capacidade de promover a felicidade dos cooperados.<\/p>\n<\/div><\/div>\n<\/div>\n\n\n\n<div class=\"wp-block-column is-layout-flow wp-block-column-is-layout-flow\">\n<div class=\"wp-block-group card has-white-background-color has-background\"><div class=\"wp-block-group__inner-container is-layout-flow wp-block-group-is-layout-flow\">\n<h3 class=\"has-primaria-color has-text-color wp-block-heading\">VALORES<\/h3>\n\n\n\n<ul class=\"wp-block-list\"><li>Fidelidade aos Princ\u00edpios e \u00e0 doutrina cooperativistas;<\/li><li>Desenvolvimento e a valoriza\u00e7\u00e3o das pessoas;<\/li><li>Respeito \u00e0 diversidade;<\/li><li>Compromisso com a inova\u00e7\u00e3o e resultados;<\/li><li>Transpar\u00eancia e austeridade.<\/li><\/ul>\n<\/div><\/div>\n<\/div>\n<\/div>\n\n\n\n<div style=\"height:80px\" aria-hidden=\"true\" class=\"wp-block-spacer\"><\/div>\n","protected":false},"excerpt":{"rendered":"&#8220;N\u00e3o h\u00e1 empresa sem objetivos. As organiza\u00e7\u00f5es administrativas, constituem-se de &#8220;sistemas de comportamentos cooperativos, onde se espera que os seus membros orientem seu comportamento de acordo com certos fins que s\u00e3o considerados como objetivos da organiza\u00e7\u00e3o&#8221;. Na realidade, o que ocorre \u00e9 que muitas empresas deixam de externar formalmente seus objetivos, embora isto n\u00e3o signifique [&hellip;]","protected":false},"author":1,"featured_media":0,"parent":0,"menu_order":3,"comment_status":"closed","ping_status":"closed","template":"","meta":{"_acf_changed":false,"footnotes":""},"class_list":["post-1452","page","type-page","status-publish","hentry"],"acf":[],"_links":{"self":[{"href":"https:\/\/www.goiascooperativo.coop.br\/sescoopgo\/wp-json\/wp\/v2\/pages\/1452","targetHints":{"allow":["GET"]}}],"collection":[{"href":"https:\/\/www.goiascooperativo.coop.br\/sescoopgo\/wp-json\/wp\/v2\/pages"}],"about":[{"href":"https:\/\/www.goiascooperativo.coop.br\/sescoopgo\/wp-json\/wp\/v2\/types\/page"}],"author":[{"embeddable":true,"href":"https:\/\/www.goiascooperativo.coop.br\/sescoopgo\/wp-json\/wp\/v2\/users\/1"}],"replies":[{"embeddable":true,"href":"https:\/\/www.goiascooperativo.coop.br\/sescoopgo\/wp-json\/wp\/v2\/comments?post=1452"}],"version-history":[{"count":0,"href":"https:\/\/www.goiascooperativo.coop.br\/sescoopgo\/wp-json\/wp\/v2\/pages\/1452\/revisions"}],"wp:attachment":[{"href":"https:\/\/www.goiascooperativo.coop.br\/sescoopgo\/wp-json\/wp\/v2\/media?parent=1452"}],"curies":[{"name":"wp","href":"https:\/\/api.w.org\/{rel}","templated":true}]}}