{"id":279,"date":"2022-05-30T11:07:23","date_gmt":"2022-05-30T11:07:47","guid":{"rendered":"https:\/\/goiascooperativo.nucleo.site\/?page_id=279"},"modified":"2022-05-30T11:07:23","modified_gmt":"2022-05-30T11:07:47","slug":"sescoop","status":"publish","type":"page","link":"https:\/\/www.goiascooperativo.coop.br\/sescoopgo\/sescoop\/","title":{"rendered":"SESCOOP\/GO"},"content":{"rendered":"\n<div class=\"wp-block-group content-center\"><div class=\"wp-block-group__inner-container is-layout-flow wp-block-group-is-layout-flow\">\n<div style=\"height:60px\" aria-hidden=\"true\" class=\"wp-block-spacer\"><\/div>\n\n\n\n<h1 class=\"accent has-primaria-color has-text-color wp-block-heading\">SERVI\u00c7O NACIONAL DE APRENDIZAGEM DO COOPERATIVISMO NO ESTADO DE GOI\u00c1S<\/h1>\n\n\n\n<p>Nosso neg\u00f3cio \u00e9 pensar hoje no futuro do cooperativismo. H\u00e1 20 anos, o SESCOOP\/GO acompanha de perto as cooperativas brasileiras para oferecer solu\u00e7\u00f5es para a sustentabilidade do neg\u00f3cio. Estamos presentes em todos os cantos do Estado, com um apoio especializado para as cooperativas. A cada empreendimento, uma realidade e uma estrat\u00e9gia diferentes, sempre baseadas em um processo desenvolvido por quem mais entende de cooperativismo. Conhe\u00e7a um pouco mais sobre o nosso trabalho e o que o  <strong>SESCOOP\/GO <\/strong>pode fazer pelo seu neg\u00f3cio. A institui\u00e7\u00e3o promove a autogest\u00e3o e difunde a cultura cooperativista. Integrante do Sistema S brasileiro, o  SESCOOP foi criado <strong>pela Medida Provis\u00f3ria n\u00ba 1.715\/1998 e regulamentado pelo Decreto n\u00ba 3.017\/1999.<\/strong><\/p>\n\n\n\n<div style=\"height:54px\" aria-hidden=\"true\" class=\"wp-block-spacer\"><\/div>\n<\/div><\/div>\n\n\n\n<div class=\"wp-block-columns mapa-estrategico is-layout-flex wp-container-core-columns-is-layout-9d6595d7 wp-block-columns-is-layout-flex\">\n<div class=\"wp-block-column is-layout-flow wp-block-column-is-layout-flow\" style=\"flex-basis:65%\">\n<div class=\"wp-block-group has-white-background-color has-background\"><div class=\"wp-block-group__inner-container is-layout-flow wp-block-group-is-layout-flow\">\n<h1 class=\"wp-block-heading\">MAPA ESTRAT\u00c9GICO<\/h1>\n\n\n\n<p>O que queremos construir nos pr\u00f3ximos 5 anos? <br>O cooperativismo brasileiro tem um Mapa Estrat\u00e9gico que organiza nossos sonhos para o futuro e os caminhos para torna-los realidade. Saiba mais sobre esse trabalho constru\u00eddo a v\u00e1rias m\u00e3os e fa\u00e7a parte desse movimento.<\/p>\n\n\n<div class=\"button-emerald outline has-icon template-part-component-button\">\n            <a href=\"https:\/\/www.google.com\"  target=\"_self\">\n            <div class=\"nwe-icon icon-arrow-down\"><\/div>Mapa estrat\u00e9gico        <\/a>\n    <\/div>\n<\/div><\/div>\n<\/div>\n\n\n\n<div class=\"wp-block-column is-layout-flow wp-block-column-is-layout-flow\" style=\"flex-basis:35%\">\n<div class=\"wp-block-group has-emerald-background-color has-background\"><div class=\"wp-block-group__inner-container is-layout-flow wp-block-group-is-layout-flow\">\n<h2 class=\"has-white-color has-text-color wp-block-heading\">Um ciclo que gera informa\u00e7\u00f5es, estrat\u00e9gias e resultados<\/h2>\n\n\n\n<p class=\"has-white-color has-text-color\">A metodologia desenvolvida pelo  SESCOOP\/GO \u00e9 utilizada em todas as nossas unidades estaduais e consiste em um ciclo de atua\u00e7\u00e3o que vai desenvolver a viabilidade econ\u00f4mica e social, ampliando a competitividade da sua cooperativa.<\/p>\n\n\n<div class=\"button-white outline template-part-component-button\">\n            <a href=\"javascript:void(0)\"  target=\"_self\">\n            Saiba mais        <\/a>\n    <\/div>\n<\/div><\/div>\n<\/div>\n<\/div>\n\n\n\n<div style=\"height:60px\" aria-hidden=\"true\" class=\"wp-block-spacer\"><\/div>\n\n\n\n<div class=\"wp-block-group content-center\"><div class=\"wp-block-group__inner-container is-layout-flow wp-block-group-is-layout-flow\">\n<h1 class=\"accent has-primaria-color has-text-color wp-block-heading\">Atua\u00e7\u00e3o<\/h1>\n\n\n\n<p>O  SESCOOP\/GO contribui para a autogest\u00e3o das cooperativas, garantindo maior competitividade e, principalmente, o atendimento aos interesses dos cooperados. E n\u00e3o importa aonde voc\u00ea quer chegar, o desenvolvimento humano est\u00e1 no centro do trabalho realizado por n\u00f3s. Com base na realidade da sua cooperativa, identificamos junto com voc\u00ea quais s\u00e3o as melhores solu\u00e7\u00f5es. Ganha o colaborador, ganha o cooperado, ganha a cooperativa. Para transformar os ideais cooperativistas em atitudes, trabalhamos em tr\u00eas \u00e1reas: monitoramento das cooperativas, forma\u00e7\u00e3o profissional e promo\u00e7\u00e3o social dos cooperados e suas comunidades. Saiba mais sobre nossas a\u00e7\u00f5es para apoiar as cooperativas em seus objetivos econ\u00f4mico e social.<\/p>\n<\/div><\/div>\n\n\n\n<div style=\"height:51px\" aria-hidden=\"true\" class=\"wp-block-spacer\"><\/div>\n\n\n\n<div class=\"wp-block-columns is-layout-flex wp-container-core-columns-is-layout-9d6595d7 wp-block-columns-is-layout-flex\">\n<div class=\"wp-block-column is-layout-flow wp-block-column-is-layout-flow\">\n<div class=\"wp-block-group card has-white-background-color has-background\"><div class=\"wp-block-group__inner-container is-layout-flow wp-block-group-is-layout-flow\">\n<h3 class=\"has-primaria-color has-text-color wp-block-heading\">MONITORAMENTO<\/h3>\n\n\n\n<p>Conjunto de atividades integradas de diagn\u00f3stico e acompanhamento da identidade, da governan\u00e7a, da gest\u00e3o e do desempenho para subsidiar o planejamento das a\u00e7\u00f5es que visem ao desenvolvimento sustent\u00e1vel das cooperativas.<\/p>\n<\/div><\/div>\n<\/div>\n\n\n\n<div class=\"wp-block-column is-layout-flow wp-block-column-is-layout-flow\">\n<div class=\"wp-block-group card has-white-background-color has-background\"><div class=\"wp-block-group__inner-container is-layout-flow wp-block-group-is-layout-flow\">\n<h3 class=\"has-primaria-color has-text-color wp-block-heading\">FORMA\u00c7\u00c3O PROFISSIONAL<\/h3>\n\n\n\n<p>Conjunto de atividades que visam a desenvolver conhecimentos, habilidades e atitudes necess\u00e1rias \u00e0 qualifica\u00e7\u00e3o profissional e ao desenvolvimento humano, contribuindo para o desenvolvimento sustent\u00e1vel das cooperativas.<\/p>\n<\/div><\/div>\n<\/div>\n\n\n\n<div class=\"wp-block-column is-layout-flow wp-block-column-is-layout-flow\">\n<div class=\"wp-block-group card has-white-background-color has-background\"><div class=\"wp-block-group__inner-container is-layout-flow wp-block-group-is-layout-flow\">\n<h3 class=\"has-primaria-color has-text-color wp-block-heading\">PROMO\u00c7\u00c3O SOCIAL<\/h3>\n\n\n\n<p>Conjunto integrado de a\u00e7\u00f5es com enfoque educativo para promover a cultura da coopera\u00e7\u00e3o, o bem-estar e a qualidade de vida das pessoas, contribuindo para o desenvolvimento sustent\u00e1vel das cooperativas e, consequentemente, de suas comunidades.<\/p>\n<\/div><\/div>\n<\/div>\n<\/div>\n\n\n\n<div style=\"height:60px\" aria-hidden=\"true\" class=\"wp-block-spacer\"><\/div>\n\n\n\n<div class=\"wp-block-group content-center\"><div class=\"wp-block-group__inner-container is-layout-flow wp-block-group-is-layout-flow\">\n<p>Dessa forma, a contribui\u00e7\u00e3o do  SESCOOP\/GO para o desenvolvimento organizacional das cooperativas \u00e9 sustentada por meio de tr\u00eas entregas (diagn\u00f3stico, conhecimento, desenvolvimento humano), integradas e inter-relacionadas, conforme imagem abaixo:<\/p>\n<\/div><\/div>\n\n\n\n<div style=\"height:60px\" aria-hidden=\"true\" class=\"wp-block-spacer\"><\/div>\n\n\n\n<figure class=\"wp-block-image size-full\"><img decoding=\"async\" src=\"https:\/\/www.goiascooperativo.coop.br\/wp-content\/uploads\/2022\/05\/Simple-Image.png\" alt=\"\" class=\"wp-image-289\" \/><\/figure>\n\n\n\n<div style=\"height:80px\" aria-hidden=\"true\" class=\"wp-block-spacer\"><\/div>\n\n\n\n\n\n\n<div style=\"height:80px\" aria-hidden=\"true\" class=\"wp-block-spacer\"><\/div>\n","protected":false},"excerpt":{"rendered":"SERVI\u00c7O NACIONAL DE APRENDIZAGEM DO COOPERATIVISMO NO ESTADO DE GOI\u00c1S Nosso neg\u00f3cio \u00e9 pensar hoje no futuro do cooperativismo. H\u00e1 20 anos, o SESCOOP\/GO acompanha de perto as cooperativas brasileiras para oferecer solu\u00e7\u00f5es para a sustentabilidade do neg\u00f3cio. Estamos presentes em todos os cantos do Estado, com um apoio especializado para as cooperativas. A cada [&hellip;]","protected":false},"author":1,"featured_media":0,"parent":0,"menu_order":3,"comment_status":"closed","ping_status":"closed","template":"","meta":{"_acf_changed":false,"footnotes":""},"class_list":["post-279","page","type-page","status-publish","hentry"],"acf":[],"_links":{"self":[{"href":"https:\/\/www.goiascooperativo.coop.br\/sescoopgo\/wp-json\/wp\/v2\/pages\/279","targetHints":{"allow":["GET"]}}],"collection":[{"href":"https:\/\/www.goiascooperativo.coop.br\/sescoopgo\/wp-json\/wp\/v2\/pages"}],"about":[{"href":"https:\/\/www.goiascooperativo.coop.br\/sescoopgo\/wp-json\/wp\/v2\/types\/page"}],"author":[{"embeddable":true,"href":"https:\/\/www.goiascooperativo.coop.br\/sescoopgo\/wp-json\/wp\/v2\/users\/1"}],"replies":[{"embeddable":true,"href":"https:\/\/www.goiascooperativo.coop.br\/sescoopgo\/wp-json\/wp\/v2\/comments?post=279"}],"version-history":[{"count":0,"href":"https:\/\/www.goiascooperativo.coop.br\/sescoopgo\/wp-json\/wp\/v2\/pages\/279\/revisions"}],"wp:attachment":[{"href":"https:\/\/www.goiascooperativo.coop.br\/sescoopgo\/wp-json\/wp\/v2\/media?parent=279"}],"curies":[{"name":"wp","href":"https:\/\/api.w.org\/{rel}","templated":true}]}}